{"id":66280,"date":"2024-01-05T09:28:29","date_gmt":"2025-10-24T16:54:08","guid":{"rendered":"https:\/\/fmc.ecuanegos.com\/?post_type=product&#038;p=66280"},"modified":"2025-11-25T20:09:59","modified_gmt":"2025-11-26T01:09:59","slug":"museo-del-carmen-alto","status":"publish","type":"product","link":"https:\/\/fmc.ecuanegos.com\/es\/product\/museo-del-carmen-alto\/","title":{"rendered":"Museo del Carmen Alto"},"content":{"rendered":"<p><strong>HORARIOS:<\/strong><\/p>\n<p>De mi\u00e9rcoles a viernes de 08:30 a 16:30 (\u00faltimo ingreso a las 16:00).<\/p>\n<p>Fines de semana y feriados de 09:30 a 17:30 (\u00faltimo ingreso a las 17:00)<\/p>\n<p><strong>Reservas: <\/strong>(02) 381-3340 extensi\u00f3n 4002 &#8211; 4006\/ 0995690713<\/p>\n<p><strong>Direcci\u00f3n:<\/strong> Garc\u00eda Moreno y Rocafuerte, junto al Arco de la Reina.<\/p>\n<p><strong>Sitio web:<\/strong>museocarmenalto.gob.ec<\/p>\n<p><strong>Facebook:<\/strong> @MuseoCarmenAlto<\/p>\n<p><strong>Instagram:<\/strong> @museocarmenalto<\/p>","protected":false},"excerpt":{"rendered":"<p>El Museo del Carmen Alto &#8211; MCA \u2013, ubicado en el lugar en donde viera Santa Mariana de Jes\u00fas, la Azucena de Quito, es un espacio que propicia el di\u00e1logo y la reflexi\u00f3n alrededor del arte y el patrimonio cultural que la Orden de Carmelitas Descalzas ha custodiado por m\u00e1s de 360 a\u00f1os.<\/p>\n<p>&nbsp;<\/p>","protected":false},"author":1,"featured_media":84300,"template":"","meta":{"_acf_changed":false},"product_brand":[],"product_cat":[330],"product_tag":[318,313],"class_list":{"0":"post-66280","1":"product","2":"type-product","3":"status-publish","4":"has-post-thumbnail","6":"product_cat-boleteria","7":"product_tag-entradas","8":"product_tag-ticket","10":"first","11":"instock","12":"purchasable","13":"product-type-variable"},"acf":[],"yoast_head":"<!-- This site is optimized with the Yoast SEO plugin v26.4 - https:\/\/yoast.com\/wordpress\/plugins\/seo\/ -->\n<title>Museo del Carmen Alto - Fundaci\u00f3n Museos de la Ciudad Quito | FMC<\/title>\n<meta name=\"robots\" content=\"noindex, follow, max-snippet:-1, max-image-preview:large, max-video-preview:-1\" \/>\n<meta property=\"og:locale\" content=\"es_MX\" \/>\n<meta property=\"og:type\" content=\"article\" \/>\n<meta property=\"og:title\" content=\"Museo del Carmen Alto - Fundaci\u00f3n Museos de la Ciudad Quito | FMC\" \/>\n<meta property=\"og:description\" content=\"El Museo del Carmen Alto - MCA \u2013, ubicado en el lugar en donde viera Santa Mariana de Jes\u00fas, la Azucena de Quito, es un espacio que propicia el di\u00e1logo y la reflexi\u00f3n alrededor del arte y el patrimonio cultural que la Orden de Carmelitas Descalzas ha custodiado por m\u00e1s de 360 a\u00f1os.  &nbsp;\" \/>\n<meta property=\"og:url\" content=\"https:\/\/fmc.ecuanegos.com\/es\/product\/museo-del-carmen-alto\/\" \/>\n<meta property=\"og:site_name\" content=\"Fundaci\u00f3n Museos de la Ciudad Quito | FMC\" \/>\n<meta property=\"article:modified_time\" content=\"2025-11-26T01:09:59+00:00\" \/>\n<meta property=\"og:image\" content=\"https:\/\/fmc.ecuanegos.com\/wp-content\/uploads\/2024\/01\/MCA-2.jpg\" \/>\n\t<meta property=\"og:image:width\" content=\"1080\" \/>\n\t<meta property=\"og:image:height\" content=\"1080\" \/>\n\t<meta property=\"og:image:type\" content=\"image\/jpeg\" \/>\n<meta name=\"twitter:card\" content=\"summary_large_image\" \/>\n<meta name=\"twitter:label1\" content=\"Tiempo de lectura\" \/>\n\t<meta name=\"twitter:data1\" content=\"1 minuto\" \/>\n<script type=\"application\/ld+json\" class=\"yoast-schema-graph\">{\"@context\":\"https:\/\/schema.org\",\"@graph\":[{\"@type\":\"WebPage\",\"@id\":\"https:\/\/fmc.ecuanegos.com\/product\/museo-del-carmen-alto\/\",\"url\":\"https:\/\/fmc.ecuanegos.com\/product\/museo-del-carmen-alto\/\",\"name\":\"Museo del Carmen Alto - Fundaci\u00f3n Museos de la Ciudad Quito | FMC\",\"isPartOf\":{\"@id\":\"https:\/\/fmc.ecuanegos.com\/#website\"},\"primaryImageOfPage\":{\"@id\":\"https:\/\/fmc.ecuanegos.com\/product\/museo-del-carmen-alto\/#primaryimage\"},\"image\":{\"@id\":\"https:\/\/fmc.ecuanegos.com\/product\/museo-del-carmen-alto\/#primaryimage\"},\"thumbnailUrl\":\"https:\/\/fmc.ecuanegos.com\/wp-content\/uploads\/2024\/01\/MCA-2.jpg\",\"datePublished\":\"2025-10-24T16:54:08+00:00\",\"dateModified\":\"2025-11-26T01:09:59+00:00\",\"breadcrumb\":{\"@id\":\"https:\/\/fmc.ecuanegos.com\/product\/museo-del-carmen-alto\/#breadcrumb\"},\"inLanguage\":\"es\",\"potentialAction\":[{\"@type\":\"ReadAction\",\"target\":[\"https:\/\/fmc.ecuanegos.com\/product\/museo-del-carmen-alto\/\"]}]},{\"@type\":\"ImageObject\",\"inLanguage\":\"es\",\"@id\":\"https:\/\/fmc.ecuanegos.com\/product\/museo-del-carmen-alto\/#primaryimage\",\"url\":\"https:\/\/fmc.ecuanegos.com\/wp-content\/uploads\/2024\/01\/MCA-2.jpg\",\"contentUrl\":\"https:\/\/fmc.ecuanegos.com\/wp-content\/uploads\/2024\/01\/MCA-2.jpg\",\"width\":1080,\"height\":1080},{\"@type\":\"BreadcrumbList\",\"@id\":\"https:\/\/fmc.ecuanegos.com\/product\/museo-del-carmen-alto\/#breadcrumb\",\"itemListElement\":[{\"@type\":\"ListItem\",\"position\":1,\"name\":\"Portada\",\"item\":\"https:\/\/fmc.ecuanegos.com\/\"},{\"@type\":\"ListItem\",\"position\":2,\"name\":\"Shop\",\"item\":\"https:\/\/fmc.ecuanegos.com\/?page_id=18212\"},{\"@type\":\"ListItem\",\"position\":3,\"name\":\"Museo del Carmen Alto\"}]},{\"@type\":\"WebSite\",\"@id\":\"https:\/\/fmc.ecuanegos.com\/#website\",\"url\":\"https:\/\/fmc.ecuanegos.com\/\",\"name\":\"Fundaci\u00f3n Museos de la Ciudad Quito | FMC\",\"description\":\"\",\"publisher\":{\"@id\":\"https:\/\/fmc.ecuanegos.com\/#organization\"},\"potentialAction\":[{\"@type\":\"SearchAction\",\"target\":{\"@type\":\"EntryPoint\",\"urlTemplate\":\"https:\/\/fmc.ecuanegos.com\/?s={search_term_string}\"},\"query-input\":{\"@type\":\"PropertyValueSpecification\",\"valueRequired\":true,\"valueName\":\"search_term_string\"}}],\"inLanguage\":\"es\"},{\"@type\":\"Organization\",\"@id\":\"https:\/\/fmc.ecuanegos.com\/#organization\",\"name\":\"Fundaci\u00f3n Museos de la Ciudad Quito | FMC\",\"url\":\"https:\/\/fmc.ecuanegos.com\/\",\"logo\":{\"@type\":\"ImageObject\",\"inLanguage\":\"es\",\"@id\":\"https:\/\/fmc.ecuanegos.com\/#\/schema\/logo\/image\/\",\"url\":\"https:\/\/fmc.ecuanegos.com\/wp-content\/uploads\/2025\/11\/LOGO-WEB-BLANCO.png\",\"contentUrl\":\"https:\/\/fmc.ecuanegos.com\/wp-content\/uploads\/2025\/11\/LOGO-WEB-BLANCO.png\",\"width\":362,\"height\":60,\"caption\":\"Fundaci\u00f3n Museos de la Ciudad Quito | FMC\"},\"image\":{\"@id\":\"https:\/\/fmc.ecuanegos.com\/#\/schema\/logo\/image\/\"}}]}<\/script>\n<!-- \/ Yoast SEO plugin. -->","yoast_head_json":{"title":"Museo del Carmen Alto - Fundaci\u00f3n Museos de la Ciudad Quito | FMC","robots":{"index":"noindex","follow":"follow","max-snippet":"max-snippet:-1","max-image-preview":"max-image-preview:large","max-video-preview":"max-video-preview:-1"},"og_locale":"es_MX","og_type":"article","og_title":"Museo del Carmen Alto - Fundaci\u00f3n Museos de la Ciudad Quito | FMC","og_description":"El Museo del Carmen Alto - MCA \u2013, ubicado en el lugar en donde viera Santa Mariana de Jes\u00fas, la Azucena de Quito, es un espacio que propicia el di\u00e1logo y la reflexi\u00f3n alrededor del arte y el patrimonio cultural que la Orden de Carmelitas Descalzas ha custodiado por m\u00e1s de 360 a\u00f1os.  &nbsp;","og_url":"https:\/\/fmc.ecuanegos.com\/es\/product\/museo-del-carmen-alto\/","og_site_name":"Fundaci\u00f3n Museos de la Ciudad Quito | FMC","article_modified_time":"2025-11-26T01:09:59+00:00","og_image":[{"width":1080,"height":1080,"url":"https:\/\/fmc.ecuanegos.com\/wp-content\/uploads\/2024\/01\/MCA-2.jpg","type":"image\/jpeg"}],"twitter_card":"summary_large_image","twitter_misc":{"Tiempo de lectura":"1 minuto"},"schema":{"@context":"https:\/\/schema.org","@graph":[{"@type":"WebPage","@id":"https:\/\/fmc.ecuanegos.com\/product\/museo-del-carmen-alto\/","url":"https:\/\/fmc.ecuanegos.com\/product\/museo-del-carmen-alto\/","name":"Museo del Carmen Alto - Fundaci\u00f3n Museos de la Ciudad Quito | FMC","isPartOf":{"@id":"https:\/\/fmc.ecuanegos.com\/#website"},"primaryImageOfPage":{"@id":"https:\/\/fmc.ecuanegos.com\/product\/museo-del-carmen-alto\/#primaryimage"},"image":{"@id":"https:\/\/fmc.ecuanegos.com\/product\/museo-del-carmen-alto\/#primaryimage"},"thumbnailUrl":"https:\/\/fmc.ecuanegos.com\/wp-content\/uploads\/2024\/01\/MCA-2.jpg","datePublished":"2025-10-24T16:54:08+00:00","dateModified":"2025-11-26T01:09:59+00:00","breadcrumb":{"@id":"https:\/\/fmc.ecuanegos.com\/product\/museo-del-carmen-alto\/#breadcrumb"},"inLanguage":"es","potentialAction":[{"@type":"ReadAction","target":["https:\/\/fmc.ecuanegos.com\/product\/museo-del-carmen-alto\/"]}]},{"@type":"ImageObject","inLanguage":"es","@id":"https:\/\/fmc.ecuanegos.com\/product\/museo-del-carmen-alto\/#primaryimage","url":"https:\/\/fmc.ecuanegos.com\/wp-content\/uploads\/2024\/01\/MCA-2.jpg","contentUrl":"https:\/\/fmc.ecuanegos.com\/wp-content\/uploads\/2024\/01\/MCA-2.jpg","width":1080,"height":1080},{"@type":"BreadcrumbList","@id":"https:\/\/fmc.ecuanegos.com\/product\/museo-del-carmen-alto\/#breadcrumb","itemListElement":[{"@type":"ListItem","position":1,"name":"Portada","item":"https:\/\/fmc.ecuanegos.com\/"},{"@type":"ListItem","position":2,"name":"Shop","item":"https:\/\/fmc.ecuanegos.com\/?page_id=18212"},{"@type":"ListItem","position":3,"name":"Museo del Carmen Alto"}]},{"@type":"WebSite","@id":"https:\/\/fmc.ecuanegos.com\/#website","url":"https:\/\/fmc.ecuanegos.com\/","name":"Fundaci\u00f3n Museos de la Ciudad Quito | FMC","description":"","publisher":{"@id":"https:\/\/fmc.ecuanegos.com\/#organization"},"potentialAction":[{"@type":"SearchAction","target":{"@type":"EntryPoint","urlTemplate":"https:\/\/fmc.ecuanegos.com\/?s={search_term_string}"},"query-input":{"@type":"PropertyValueSpecification","valueRequired":true,"valueName":"search_term_string"}}],"inLanguage":"es"},{"@type":"Organization","@id":"https:\/\/fmc.ecuanegos.com\/#organization","name":"Fundaci\u00f3n Museos de la Ciudad Quito | FMC","url":"https:\/\/fmc.ecuanegos.com\/","logo":{"@type":"ImageObject","inLanguage":"es","@id":"https:\/\/fmc.ecuanegos.com\/#\/schema\/logo\/image\/","url":"https:\/\/fmc.ecuanegos.com\/wp-content\/uploads\/2025\/11\/LOGO-WEB-BLANCO.png","contentUrl":"https:\/\/fmc.ecuanegos.com\/wp-content\/uploads\/2025\/11\/LOGO-WEB-BLANCO.png","width":362,"height":60,"caption":"Fundaci\u00f3n Museos de la Ciudad Quito | FMC"},"image":{"@id":"https:\/\/fmc.ecuanegos.com\/#\/schema\/logo\/image\/"}}]}},"_links":{"self":[{"href":"https:\/\/fmc.ecuanegos.com\/es\/wp-json\/wp\/v2\/product\/66280","targetHints":{"allow":["GET"]}}],"collection":[{"href":"https:\/\/fmc.ecuanegos.com\/es\/wp-json\/wp\/v2\/product"}],"about":[{"href":"https:\/\/fmc.ecuanegos.com\/es\/wp-json\/wp\/v2\/types\/product"}],"author":[{"embeddable":true,"href":"https:\/\/fmc.ecuanegos.com\/es\/wp-json\/wp\/v2\/users\/1"}],"version-history":[{"count":6,"href":"https:\/\/fmc.ecuanegos.com\/es\/wp-json\/wp\/v2\/product\/66280\/revisions"}],"predecessor-version":[{"id":86137,"href":"https:\/\/fmc.ecuanegos.com\/es\/wp-json\/wp\/v2\/product\/66280\/revisions\/86137"}],"wp:featuredmedia":[{"embeddable":true,"href":"https:\/\/fmc.ecuanegos.com\/es\/wp-json\/wp\/v2\/media\/84300"}],"wp:attachment":[{"href":"https:\/\/fmc.ecuanegos.com\/es\/wp-json\/wp\/v2\/media?parent=66280"}],"wp:term":[{"taxonomy":"product_brand","embeddable":true,"href":"https:\/\/fmc.ecuanegos.com\/es\/wp-json\/wp\/v2\/product_brand?post=66280"},{"taxonomy":"product_cat","embeddable":true,"href":"https:\/\/fmc.ecuanegos.com\/es\/wp-json\/wp\/v2\/product_cat?post=66280"},{"taxonomy":"product_tag","embeddable":true,"href":"https:\/\/fmc.ecuanegos.com\/es\/wp-json\/wp\/v2\/product_tag?post=66280"}],"curies":[{"name":"wp","href":"https:\/\/api.w.org\/{rel}","templated":true}]}}