{"id":69550,"date":"2025-10-28T10:45:29","date_gmt":"2025-11-12T18:18:48","guid":{"rendered":"https:\/\/fmc.ecuanegos.com\/?post_type=product&#038;p=69550"},"modified":"2025-12-01T17:48:29","modified_gmt":"2025-12-01T22:48:29","slug":"aristocratas-cronicas-de-una-marica-incomoda","status":"publish","type":"product","link":"https:\/\/fmc.ecuanegos.com\/es\/product\/aristocratas-cronicas-de-una-marica-incomoda\/","title":{"rendered":"Arist\u00f3cratas: Cr\u00f3nicas de una marica inc\u00f3moda"},"content":{"rendered":"","protected":false},"excerpt":{"rendered":"<p><span style=\"font-weight: 400;\">El Museo de la Ciudad presenta una obra teatral que fusiona cr\u00f3nica, performance y est\u00e9tica postporno, tomando como punto de partida el legado del escritor y activista Pedro Lemebel. La puesta en escena explora la identidad, la resistencia y la memoria, utilizando el cuerpo y la palabra como territorios de lucha y expresi\u00f3n.<\/span><\/p>\n<p><span style=\"font-weight: 400;\">Una propuesta intensa y po\u00e9tica que invita a reflexionar sobre las disidencias, los afectos y las formas de habitar la diferencia.<\/span><\/p>\n<p><span style=\"font-weight: 400;\">No te pierdas de esta experiencia que llega junto al colectivo art\u00edstico\u00a0 Up Zurdas<\/span><\/p>\n<p><b>Fecha:<\/b><span style=\"font-weight: 400;\"> jueves 27 y s\u00e1bado 29\u00a0 de noviembre 2025<\/span><\/p>\n<p><b>Hora: <\/b><span style=\"font-weight: 400;\">19h00<\/span><\/p>\n<p><b>Costo: <\/b><span style=\"font-weight: 400;\">USD<\/span> <span style=\"font-weight: 400;\">15 precio general. Aprovecha nuestra preventa de USD 12 preventa , hasta una semana antes del evento<\/span><\/p>","protected":false},"author":1,"featured_media":84305,"template":"","meta":{"_acf_changed":false},"product_brand":[],"product_cat":[1988],"product_tag":[313,314],"class_list":{"0":"post-69550","1":"product","2":"type-product","3":"status-publish","4":"has-post-thumbnail","6":"product_cat-eventos","7":"product_tag-ticket","8":"product_tag-tickets","10":"first","11":"instock","12":"purchasable","13":"product-type-variable"},"acf":[],"yoast_head":"<!-- This site is optimized with the Yoast SEO plugin v26.4 - https:\/\/yoast.com\/wordpress\/plugins\/seo\/ -->\n<title>Arist\u00f3cratas: Cr\u00f3nicas de una marica inc\u00f3moda - Fundaci\u00f3n Museos de la Ciudad Quito | FMC<\/title>\n<meta name=\"robots\" content=\"noindex, follow, max-snippet:-1, max-image-preview:large, max-video-preview:-1\" \/>\n<meta property=\"og:locale\" content=\"es_MX\" \/>\n<meta property=\"og:type\" content=\"article\" \/>\n<meta property=\"og:title\" content=\"Arist\u00f3cratas: Cr\u00f3nicas de una marica inc\u00f3moda - Fundaci\u00f3n Museos de la Ciudad Quito | FMC\" \/>\n<meta property=\"og:description\" content=\"El Museo de la Ciudad presenta una obra teatral que fusiona cr\u00f3nica, performance y est\u00e9tica postporno, tomando como punto de partida el legado del escritor y activista Pedro Lemebel. La puesta en escena explora la identidad, la resistencia y la memoria, utilizando el cuerpo y la palabra como territorios de lucha y expresi\u00f3n.  Una propuesta intensa y po\u00e9tica que invita a reflexionar sobre las disidencias, los afectos y las formas de habitar la diferencia.  No te pierdas de esta experiencia que llega junto al colectivo art\u00edstico\u00a0 Up Zurdas  Fecha: jueves 27 y s\u00e1bado 29\u00a0 de noviembre 2025  Hora: 19h00  Costo: USD 15 precio general. Aprovecha nuestra preventa de USD 12 preventa , hasta una semana antes del evento\" \/>\n<meta property=\"og:url\" content=\"https:\/\/fmc.ecuanegos.com\/es\/product\/aristocratas-cronicas-de-una-marica-incomoda\/\" \/>\n<meta property=\"og:site_name\" content=\"Fundaci\u00f3n Museos de la Ciudad Quito | FMC\" \/>\n<meta property=\"article:modified_time\" content=\"2025-12-01T22:48:29+00:00\" \/>\n<meta property=\"og:image\" content=\"https:\/\/fmc.ecuanegos.com\/wp-content\/uploads\/2025\/10\/Obra_MDC.jpg\" \/>\n\t<meta property=\"og:image:width\" content=\"1200\" \/>\n\t<meta property=\"og:image:height\" content=\"1200\" \/>\n\t<meta property=\"og:image:type\" content=\"image\/jpeg\" \/>\n<meta name=\"twitter:card\" content=\"summary_large_image\" \/>\n<meta name=\"twitter:label1\" content=\"Tiempo de lectura\" \/>\n\t<meta name=\"twitter:data1\" content=\"1 minuto\" \/>\n<script type=\"application\/ld+json\" class=\"yoast-schema-graph\">{\"@context\":\"https:\/\/schema.org\",\"@graph\":[{\"@type\":\"WebPage\",\"@id\":\"https:\/\/fmc.ecuanegos.com\/product\/aristocratas-cronicas-de-una-marica-incomoda\/\",\"url\":\"https:\/\/fmc.ecuanegos.com\/product\/aristocratas-cronicas-de-una-marica-incomoda\/\",\"name\":\"Arist\u00f3cratas: Cr\u00f3nicas de una marica inc\u00f3moda - Fundaci\u00f3n Museos de la Ciudad Quito | FMC\",\"isPartOf\":{\"@id\":\"https:\/\/fmc.ecuanegos.com\/#website\"},\"primaryImageOfPage\":{\"@id\":\"https:\/\/fmc.ecuanegos.com\/product\/aristocratas-cronicas-de-una-marica-incomoda\/#primaryimage\"},\"image\":{\"@id\":\"https:\/\/fmc.ecuanegos.com\/product\/aristocratas-cronicas-de-una-marica-incomoda\/#primaryimage\"},\"thumbnailUrl\":\"https:\/\/fmc.ecuanegos.com\/wp-content\/uploads\/2025\/10\/Obra_MDC.jpg\",\"datePublished\":\"2025-11-12T18:18:48+00:00\",\"dateModified\":\"2025-12-01T22:48:29+00:00\",\"breadcrumb\":{\"@id\":\"https:\/\/fmc.ecuanegos.com\/product\/aristocratas-cronicas-de-una-marica-incomoda\/#breadcrumb\"},\"inLanguage\":\"es\",\"potentialAction\":[{\"@type\":\"ReadAction\",\"target\":[\"https:\/\/fmc.ecuanegos.com\/product\/aristocratas-cronicas-de-una-marica-incomoda\/\"]}]},{\"@type\":\"ImageObject\",\"inLanguage\":\"es\",\"@id\":\"https:\/\/fmc.ecuanegos.com\/product\/aristocratas-cronicas-de-una-marica-incomoda\/#primaryimage\",\"url\":\"https:\/\/fmc.ecuanegos.com\/wp-content\/uploads\/2025\/10\/Obra_MDC.jpg\",\"contentUrl\":\"https:\/\/fmc.ecuanegos.com\/wp-content\/uploads\/2025\/10\/Obra_MDC.jpg\",\"width\":1200,\"height\":1200},{\"@type\":\"BreadcrumbList\",\"@id\":\"https:\/\/fmc.ecuanegos.com\/product\/aristocratas-cronicas-de-una-marica-incomoda\/#breadcrumb\",\"itemListElement\":[{\"@type\":\"ListItem\",\"position\":1,\"name\":\"Portada\",\"item\":\"https:\/\/fmc.ecuanegos.com\/\"},{\"@type\":\"ListItem\",\"position\":2,\"name\":\"Shop\",\"item\":\"https:\/\/fmc.ecuanegos.com\/?page_id=18212\"},{\"@type\":\"ListItem\",\"position\":3,\"name\":\"Arist\u00f3cratas: Cr\u00f3nicas de una marica inc\u00f3moda\"}]},{\"@type\":\"WebSite\",\"@id\":\"https:\/\/fmc.ecuanegos.com\/#website\",\"url\":\"https:\/\/fmc.ecuanegos.com\/\",\"name\":\"Fundaci\u00f3n Museos de la Ciudad Quito | FMC\",\"description\":\"\",\"publisher\":{\"@id\":\"https:\/\/fmc.ecuanegos.com\/#organization\"},\"potentialAction\":[{\"@type\":\"SearchAction\",\"target\":{\"@type\":\"EntryPoint\",\"urlTemplate\":\"https:\/\/fmc.ecuanegos.com\/?s={search_term_string}\"},\"query-input\":{\"@type\":\"PropertyValueSpecification\",\"valueRequired\":true,\"valueName\":\"search_term_string\"}}],\"inLanguage\":\"es\"},{\"@type\":\"Organization\",\"@id\":\"https:\/\/fmc.ecuanegos.com\/#organization\",\"name\":\"Fundaci\u00f3n Museos de la Ciudad Quito | FMC\",\"url\":\"https:\/\/fmc.ecuanegos.com\/\",\"logo\":{\"@type\":\"ImageObject\",\"inLanguage\":\"es\",\"@id\":\"https:\/\/fmc.ecuanegos.com\/#\/schema\/logo\/image\/\",\"url\":\"https:\/\/fmc.ecuanegos.com\/wp-content\/uploads\/2025\/11\/LOGO-WEB-BLANCO.png\",\"contentUrl\":\"https:\/\/fmc.ecuanegos.com\/wp-content\/uploads\/2025\/11\/LOGO-WEB-BLANCO.png\",\"width\":362,\"height\":60,\"caption\":\"Fundaci\u00f3n Museos de la Ciudad Quito | FMC\"},\"image\":{\"@id\":\"https:\/\/fmc.ecuanegos.com\/#\/schema\/logo\/image\/\"}}]}<\/script>\n<!-- \/ Yoast SEO plugin. -->","yoast_head_json":{"title":"Arist\u00f3cratas: Cr\u00f3nicas de una marica inc\u00f3moda - Fundaci\u00f3n Museos de la Ciudad Quito | FMC","robots":{"index":"noindex","follow":"follow","max-snippet":"max-snippet:-1","max-image-preview":"max-image-preview:large","max-video-preview":"max-video-preview:-1"},"og_locale":"es_MX","og_type":"article","og_title":"Arist\u00f3cratas: Cr\u00f3nicas de una marica inc\u00f3moda - Fundaci\u00f3n Museos de la Ciudad Quito | FMC","og_description":"El Museo de la Ciudad presenta una obra teatral que fusiona cr\u00f3nica, performance y est\u00e9tica postporno, tomando como punto de partida el legado del escritor y activista Pedro Lemebel. La puesta en escena explora la identidad, la resistencia y la memoria, utilizando el cuerpo y la palabra como territorios de lucha y expresi\u00f3n.  Una propuesta intensa y po\u00e9tica que invita a reflexionar sobre las disidencias, los afectos y las formas de habitar la diferencia.  No te pierdas de esta experiencia que llega junto al colectivo art\u00edstico\u00a0 Up Zurdas  Fecha: jueves 27 y s\u00e1bado 29\u00a0 de noviembre 2025  Hora: 19h00  Costo: USD 15 precio general. Aprovecha nuestra preventa de USD 12 preventa , hasta una semana antes del evento","og_url":"https:\/\/fmc.ecuanegos.com\/es\/product\/aristocratas-cronicas-de-una-marica-incomoda\/","og_site_name":"Fundaci\u00f3n Museos de la Ciudad Quito | FMC","article_modified_time":"2025-12-01T22:48:29+00:00","og_image":[{"width":1200,"height":1200,"url":"https:\/\/fmc.ecuanegos.com\/wp-content\/uploads\/2025\/10\/Obra_MDC.jpg","type":"image\/jpeg"}],"twitter_card":"summary_large_image","twitter_misc":{"Tiempo de lectura":"1 minuto"},"schema":{"@context":"https:\/\/schema.org","@graph":[{"@type":"WebPage","@id":"https:\/\/fmc.ecuanegos.com\/product\/aristocratas-cronicas-de-una-marica-incomoda\/","url":"https:\/\/fmc.ecuanegos.com\/product\/aristocratas-cronicas-de-una-marica-incomoda\/","name":"Arist\u00f3cratas: Cr\u00f3nicas de una marica inc\u00f3moda - Fundaci\u00f3n Museos de la Ciudad Quito | FMC","isPartOf":{"@id":"https:\/\/fmc.ecuanegos.com\/#website"},"primaryImageOfPage":{"@id":"https:\/\/fmc.ecuanegos.com\/product\/aristocratas-cronicas-de-una-marica-incomoda\/#primaryimage"},"image":{"@id":"https:\/\/fmc.ecuanegos.com\/product\/aristocratas-cronicas-de-una-marica-incomoda\/#primaryimage"},"thumbnailUrl":"https:\/\/fmc.ecuanegos.com\/wp-content\/uploads\/2025\/10\/Obra_MDC.jpg","datePublished":"2025-11-12T18:18:48+00:00","dateModified":"2025-12-01T22:48:29+00:00","breadcrumb":{"@id":"https:\/\/fmc.ecuanegos.com\/product\/aristocratas-cronicas-de-una-marica-incomoda\/#breadcrumb"},"inLanguage":"es","potentialAction":[{"@type":"ReadAction","target":["https:\/\/fmc.ecuanegos.com\/product\/aristocratas-cronicas-de-una-marica-incomoda\/"]}]},{"@type":"ImageObject","inLanguage":"es","@id":"https:\/\/fmc.ecuanegos.com\/product\/aristocratas-cronicas-de-una-marica-incomoda\/#primaryimage","url":"https:\/\/fmc.ecuanegos.com\/wp-content\/uploads\/2025\/10\/Obra_MDC.jpg","contentUrl":"https:\/\/fmc.ecuanegos.com\/wp-content\/uploads\/2025\/10\/Obra_MDC.jpg","width":1200,"height":1200},{"@type":"BreadcrumbList","@id":"https:\/\/fmc.ecuanegos.com\/product\/aristocratas-cronicas-de-una-marica-incomoda\/#breadcrumb","itemListElement":[{"@type":"ListItem","position":1,"name":"Portada","item":"https:\/\/fmc.ecuanegos.com\/"},{"@type":"ListItem","position":2,"name":"Shop","item":"https:\/\/fmc.ecuanegos.com\/?page_id=18212"},{"@type":"ListItem","position":3,"name":"Arist\u00f3cratas: Cr\u00f3nicas de una marica inc\u00f3moda"}]},{"@type":"WebSite","@id":"https:\/\/fmc.ecuanegos.com\/#website","url":"https:\/\/fmc.ecuanegos.com\/","name":"Fundaci\u00f3n Museos de la Ciudad Quito | FMC","description":"","publisher":{"@id":"https:\/\/fmc.ecuanegos.com\/#organization"},"potentialAction":[{"@type":"SearchAction","target":{"@type":"EntryPoint","urlTemplate":"https:\/\/fmc.ecuanegos.com\/?s={search_term_string}"},"query-input":{"@type":"PropertyValueSpecification","valueRequired":true,"valueName":"search_term_string"}}],"inLanguage":"es"},{"@type":"Organization","@id":"https:\/\/fmc.ecuanegos.com\/#organization","name":"Fundaci\u00f3n Museos de la Ciudad Quito | FMC","url":"https:\/\/fmc.ecuanegos.com\/","logo":{"@type":"ImageObject","inLanguage":"es","@id":"https:\/\/fmc.ecuanegos.com\/#\/schema\/logo\/image\/","url":"https:\/\/fmc.ecuanegos.com\/wp-content\/uploads\/2025\/11\/LOGO-WEB-BLANCO.png","contentUrl":"https:\/\/fmc.ecuanegos.com\/wp-content\/uploads\/2025\/11\/LOGO-WEB-BLANCO.png","width":362,"height":60,"caption":"Fundaci\u00f3n Museos de la Ciudad Quito | FMC"},"image":{"@id":"https:\/\/fmc.ecuanegos.com\/#\/schema\/logo\/image\/"}}]}},"_links":{"self":[{"href":"https:\/\/fmc.ecuanegos.com\/es\/wp-json\/wp\/v2\/product\/69550","targetHints":{"allow":["GET"]}}],"collection":[{"href":"https:\/\/fmc.ecuanegos.com\/es\/wp-json\/wp\/v2\/product"}],"about":[{"href":"https:\/\/fmc.ecuanegos.com\/es\/wp-json\/wp\/v2\/types\/product"}],"author":[{"embeddable":true,"href":"https:\/\/fmc.ecuanegos.com\/es\/wp-json\/wp\/v2\/users\/1"}],"version-history":[{"count":6,"href":"https:\/\/fmc.ecuanegos.com\/es\/wp-json\/wp\/v2\/product\/69550\/revisions"}],"predecessor-version":[{"id":86166,"href":"https:\/\/fmc.ecuanegos.com\/es\/wp-json\/wp\/v2\/product\/69550\/revisions\/86166"}],"wp:featuredmedia":[{"embeddable":true,"href":"https:\/\/fmc.ecuanegos.com\/es\/wp-json\/wp\/v2\/media\/84305"}],"wp:attachment":[{"href":"https:\/\/fmc.ecuanegos.com\/es\/wp-json\/wp\/v2\/media?parent=69550"}],"wp:term":[{"taxonomy":"product_brand","embeddable":true,"href":"https:\/\/fmc.ecuanegos.com\/es\/wp-json\/wp\/v2\/product_brand?post=69550"},{"taxonomy":"product_cat","embeddable":true,"href":"https:\/\/fmc.ecuanegos.com\/es\/wp-json\/wp\/v2\/product_cat?post=69550"},{"taxonomy":"product_tag","embeddable":true,"href":"https:\/\/fmc.ecuanegos.com\/es\/wp-json\/wp\/v2\/product_tag?post=69550"}],"curies":[{"name":"wp","href":"https:\/\/api.w.org\/{rel}","templated":true}]}}