{"id":84310,"date":"2025-10-13T08:56:05","date_gmt":"2025-10-13T13:56:05","guid":{"rendered":"https:\/\/fmc.ecuanegos.com\/?post_type=product&#038;p=31176"},"modified":"2025-12-01T17:53:53","modified_gmt":"2025-12-01T22:53:53","slug":"obra-de-teatro-papakuna","status":"publish","type":"product","link":"https:\/\/fmc.ecuanegos.com\/es\/product\/obra-de-teatro-papakuna\/","title":{"rendered":"Obra de teatro: Papakuna"},"content":{"rendered":"","protected":false},"excerpt":{"rendered":"<p>\u201cPAPAKUNA: Agroteatro c\u00f3mico musical\u201d<br \/>\nUna obra del Colectivo Yama, con direcci\u00f3n de Juana Guarderas.<br \/>\nUna propuesta teatral de lenguajes m\u00faltiples que rescata y socializa el valor de la diversidad de papas en el Ecuador desde la perspectiva del patrimonio cultural y alimentario. La obra visibiliza la p\u00e9rdida acelerada de semillas nativas y la expansi\u00f3n de un sistema productivo que impacta negativamente a la soberan\u00eda alimentaria, a la autonom\u00eda de los pueblos y a la salud de la Tierra.<br \/>\nLas tres actrices en escena, se mezclan con los seres que habitan la chakra: las papas, lxs campesinxs y los seres m\u00edticos de nuestra cultura andina, milenaria y transfronteriza, que contin\u00faa aliment\u00e1ndonos a pesar de la colonizaci\u00f3n, la estandarizaci\u00f3n y el mercado.<\/p>","protected":false},"author":1,"featured_media":84311,"template":"","meta":{"_acf_changed":false},"product_brand":[],"product_cat":[1988],"product_tag":[313,314],"class_list":{"0":"post-84310","1":"product","2":"type-product","3":"status-publish","4":"has-post-thumbnail","6":"product_cat-eventos","7":"product_tag-ticket","8":"product_tag-tickets","10":"first","11":"outofstock","12":"purchasable","13":"product-type-variable"},"acf":[],"yoast_head":"<!-- This site is optimized with the Yoast SEO plugin v26.4 - https:\/\/yoast.com\/wordpress\/plugins\/seo\/ -->\n<title>Obra de teatro: Papakuna - Fundaci\u00f3n Museos de la Ciudad Quito | FMC<\/title>\n<meta name=\"robots\" content=\"noindex, follow, max-snippet:-1, max-image-preview:large, max-video-preview:-1\" \/>\n<meta property=\"og:locale\" content=\"es_MX\" \/>\n<meta property=\"og:type\" content=\"article\" \/>\n<meta property=\"og:title\" content=\"Obra de teatro: Papakuna - Fundaci\u00f3n Museos de la Ciudad Quito | FMC\" \/>\n<meta property=\"og:description\" content=\"\u201cPAPAKUNA: Agroteatro c\u00f3mico musical\u201d Una obra del Colectivo Yama, con direcci\u00f3n de Juana Guarderas. Una propuesta teatral de lenguajes m\u00faltiples que rescata y socializa el valor de la diversidad de papas en el Ecuador desde la perspectiva del patrimonio cultural y alimentario. La obra visibiliza la p\u00e9rdida acelerada de semillas nativas y la expansi\u00f3n de un sistema productivo que impacta negativamente a la soberan\u00eda alimentaria, a la autonom\u00eda de los pueblos y a la salud de la Tierra. Las tres actrices en escena, se mezclan con los seres que habitan la chakra: las papas, lxs campesinxs y los seres m\u00edticos de nuestra cultura andina, milenaria y transfronteriza, que contin\u00faa aliment\u00e1ndonos a pesar de la colonizaci\u00f3n, la estandarizaci\u00f3n y el mercado.\" \/>\n<meta property=\"og:url\" content=\"https:\/\/fmc.ecuanegos.com\/es\/product\/obra-de-teatro-papakuna\/\" \/>\n<meta property=\"og:site_name\" content=\"Fundaci\u00f3n Museos de la Ciudad Quito | FMC\" \/>\n<meta property=\"article:modified_time\" content=\"2025-12-01T22:53:53+00:00\" \/>\n<meta property=\"og:image\" content=\"https:\/\/fmc.ecuanegos.com\/wp-content\/uploads\/2025\/10\/Captura-de-pantalla-2025-10-13-084234.png\" \/>\n\t<meta property=\"og:image:width\" content=\"726\" \/>\n\t<meta property=\"og:image:height\" content=\"712\" \/>\n\t<meta property=\"og:image:type\" content=\"image\/png\" \/>\n<meta name=\"twitter:card\" content=\"summary_large_image\" \/>\n<meta name=\"twitter:label1\" content=\"Tiempo de lectura\" \/>\n\t<meta name=\"twitter:data1\" content=\"1 minuto\" \/>\n<script type=\"application\/ld+json\" class=\"yoast-schema-graph\">{\"@context\":\"https:\/\/schema.org\",\"@graph\":[{\"@type\":\"WebPage\",\"@id\":\"https:\/\/fmc.ecuanegos.com\/product\/obra-de-teatro-papakuna\/\",\"url\":\"https:\/\/fmc.ecuanegos.com\/product\/obra-de-teatro-papakuna\/\",\"name\":\"Obra de teatro: Papakuna - Fundaci\u00f3n Museos de la Ciudad Quito | FMC\",\"isPartOf\":{\"@id\":\"https:\/\/fmc.ecuanegos.com\/#website\"},\"primaryImageOfPage\":{\"@id\":\"https:\/\/fmc.ecuanegos.com\/product\/obra-de-teatro-papakuna\/#primaryimage\"},\"image\":{\"@id\":\"https:\/\/fmc.ecuanegos.com\/product\/obra-de-teatro-papakuna\/#primaryimage\"},\"thumbnailUrl\":\"https:\/\/fmc.ecuanegos.com\/wp-content\/uploads\/2025\/10\/Captura-de-pantalla-2025-10-13-084234.png\",\"datePublished\":\"2025-10-13T13:56:05+00:00\",\"dateModified\":\"2025-12-01T22:53:53+00:00\",\"breadcrumb\":{\"@id\":\"https:\/\/fmc.ecuanegos.com\/product\/obra-de-teatro-papakuna\/#breadcrumb\"},\"inLanguage\":\"es\",\"potentialAction\":[{\"@type\":\"ReadAction\",\"target\":[\"https:\/\/fmc.ecuanegos.com\/product\/obra-de-teatro-papakuna\/\"]}]},{\"@type\":\"ImageObject\",\"inLanguage\":\"es\",\"@id\":\"https:\/\/fmc.ecuanegos.com\/product\/obra-de-teatro-papakuna\/#primaryimage\",\"url\":\"https:\/\/fmc.ecuanegos.com\/wp-content\/uploads\/2025\/10\/Captura-de-pantalla-2025-10-13-084234.png\",\"contentUrl\":\"https:\/\/fmc.ecuanegos.com\/wp-content\/uploads\/2025\/10\/Captura-de-pantalla-2025-10-13-084234.png\",\"width\":726,\"height\":712},{\"@type\":\"BreadcrumbList\",\"@id\":\"https:\/\/fmc.ecuanegos.com\/product\/obra-de-teatro-papakuna\/#breadcrumb\",\"itemListElement\":[{\"@type\":\"ListItem\",\"position\":1,\"name\":\"Portada\",\"item\":\"https:\/\/fmc.ecuanegos.com\/\"},{\"@type\":\"ListItem\",\"position\":2,\"name\":\"Shop\",\"item\":\"https:\/\/fmc.ecuanegos.com\/?page_id=18212\"},{\"@type\":\"ListItem\",\"position\":3,\"name\":\"Obra de teatro: Papakuna\"}]},{\"@type\":\"WebSite\",\"@id\":\"https:\/\/fmc.ecuanegos.com\/#website\",\"url\":\"https:\/\/fmc.ecuanegos.com\/\",\"name\":\"Fundaci\u00f3n Museos de la Ciudad Quito | FMC\",\"description\":\"\",\"publisher\":{\"@id\":\"https:\/\/fmc.ecuanegos.com\/#organization\"},\"potentialAction\":[{\"@type\":\"SearchAction\",\"target\":{\"@type\":\"EntryPoint\",\"urlTemplate\":\"https:\/\/fmc.ecuanegos.com\/?s={search_term_string}\"},\"query-input\":{\"@type\":\"PropertyValueSpecification\",\"valueRequired\":true,\"valueName\":\"search_term_string\"}}],\"inLanguage\":\"es\"},{\"@type\":\"Organization\",\"@id\":\"https:\/\/fmc.ecuanegos.com\/#organization\",\"name\":\"Fundaci\u00f3n Museos de la Ciudad Quito | FMC\",\"url\":\"https:\/\/fmc.ecuanegos.com\/\",\"logo\":{\"@type\":\"ImageObject\",\"inLanguage\":\"es\",\"@id\":\"https:\/\/fmc.ecuanegos.com\/#\/schema\/logo\/image\/\",\"url\":\"https:\/\/fmc.ecuanegos.com\/wp-content\/uploads\/2025\/11\/LOGO-WEB-BLANCO.png\",\"contentUrl\":\"https:\/\/fmc.ecuanegos.com\/wp-content\/uploads\/2025\/11\/LOGO-WEB-BLANCO.png\",\"width\":362,\"height\":60,\"caption\":\"Fundaci\u00f3n Museos de la Ciudad Quito | FMC\"},\"image\":{\"@id\":\"https:\/\/fmc.ecuanegos.com\/#\/schema\/logo\/image\/\"}}]}<\/script>\n<!-- \/ Yoast SEO plugin. -->","yoast_head_json":{"title":"Obra de teatro: Papakuna - Fundaci\u00f3n Museos de la Ciudad Quito | FMC","robots":{"index":"noindex","follow":"follow","max-snippet":"max-snippet:-1","max-image-preview":"max-image-preview:large","max-video-preview":"max-video-preview:-1"},"og_locale":"es_MX","og_type":"article","og_title":"Obra de teatro: Papakuna - Fundaci\u00f3n Museos de la Ciudad Quito | FMC","og_description":"\u201cPAPAKUNA: Agroteatro c\u00f3mico musical\u201d Una obra del Colectivo Yama, con direcci\u00f3n de Juana Guarderas. Una propuesta teatral de lenguajes m\u00faltiples que rescata y socializa el valor de la diversidad de papas en el Ecuador desde la perspectiva del patrimonio cultural y alimentario. La obra visibiliza la p\u00e9rdida acelerada de semillas nativas y la expansi\u00f3n de un sistema productivo que impacta negativamente a la soberan\u00eda alimentaria, a la autonom\u00eda de los pueblos y a la salud de la Tierra. Las tres actrices en escena, se mezclan con los seres que habitan la chakra: las papas, lxs campesinxs y los seres m\u00edticos de nuestra cultura andina, milenaria y transfronteriza, que contin\u00faa aliment\u00e1ndonos a pesar de la colonizaci\u00f3n, la estandarizaci\u00f3n y el mercado.","og_url":"https:\/\/fmc.ecuanegos.com\/es\/product\/obra-de-teatro-papakuna\/","og_site_name":"Fundaci\u00f3n Museos de la Ciudad Quito | FMC","article_modified_time":"2025-12-01T22:53:53+00:00","og_image":[{"width":726,"height":712,"url":"https:\/\/fmc.ecuanegos.com\/wp-content\/uploads\/2025\/10\/Captura-de-pantalla-2025-10-13-084234.png","type":"image\/png"}],"twitter_card":"summary_large_image","twitter_misc":{"Tiempo de lectura":"1 minuto"},"schema":{"@context":"https:\/\/schema.org","@graph":[{"@type":"WebPage","@id":"https:\/\/fmc.ecuanegos.com\/product\/obra-de-teatro-papakuna\/","url":"https:\/\/fmc.ecuanegos.com\/product\/obra-de-teatro-papakuna\/","name":"Obra de teatro: Papakuna - Fundaci\u00f3n Museos de la Ciudad Quito | FMC","isPartOf":{"@id":"https:\/\/fmc.ecuanegos.com\/#website"},"primaryImageOfPage":{"@id":"https:\/\/fmc.ecuanegos.com\/product\/obra-de-teatro-papakuna\/#primaryimage"},"image":{"@id":"https:\/\/fmc.ecuanegos.com\/product\/obra-de-teatro-papakuna\/#primaryimage"},"thumbnailUrl":"https:\/\/fmc.ecuanegos.com\/wp-content\/uploads\/2025\/10\/Captura-de-pantalla-2025-10-13-084234.png","datePublished":"2025-10-13T13:56:05+00:00","dateModified":"2025-12-01T22:53:53+00:00","breadcrumb":{"@id":"https:\/\/fmc.ecuanegos.com\/product\/obra-de-teatro-papakuna\/#breadcrumb"},"inLanguage":"es","potentialAction":[{"@type":"ReadAction","target":["https:\/\/fmc.ecuanegos.com\/product\/obra-de-teatro-papakuna\/"]}]},{"@type":"ImageObject","inLanguage":"es","@id":"https:\/\/fmc.ecuanegos.com\/product\/obra-de-teatro-papakuna\/#primaryimage","url":"https:\/\/fmc.ecuanegos.com\/wp-content\/uploads\/2025\/10\/Captura-de-pantalla-2025-10-13-084234.png","contentUrl":"https:\/\/fmc.ecuanegos.com\/wp-content\/uploads\/2025\/10\/Captura-de-pantalla-2025-10-13-084234.png","width":726,"height":712},{"@type":"BreadcrumbList","@id":"https:\/\/fmc.ecuanegos.com\/product\/obra-de-teatro-papakuna\/#breadcrumb","itemListElement":[{"@type":"ListItem","position":1,"name":"Portada","item":"https:\/\/fmc.ecuanegos.com\/"},{"@type":"ListItem","position":2,"name":"Shop","item":"https:\/\/fmc.ecuanegos.com\/?page_id=18212"},{"@type":"ListItem","position":3,"name":"Obra de teatro: Papakuna"}]},{"@type":"WebSite","@id":"https:\/\/fmc.ecuanegos.com\/#website","url":"https:\/\/fmc.ecuanegos.com\/","name":"Fundaci\u00f3n Museos de la Ciudad Quito | FMC","description":"","publisher":{"@id":"https:\/\/fmc.ecuanegos.com\/#organization"},"potentialAction":[{"@type":"SearchAction","target":{"@type":"EntryPoint","urlTemplate":"https:\/\/fmc.ecuanegos.com\/?s={search_term_string}"},"query-input":{"@type":"PropertyValueSpecification","valueRequired":true,"valueName":"search_term_string"}}],"inLanguage":"es"},{"@type":"Organization","@id":"https:\/\/fmc.ecuanegos.com\/#organization","name":"Fundaci\u00f3n Museos de la Ciudad Quito | FMC","url":"https:\/\/fmc.ecuanegos.com\/","logo":{"@type":"ImageObject","inLanguage":"es","@id":"https:\/\/fmc.ecuanegos.com\/#\/schema\/logo\/image\/","url":"https:\/\/fmc.ecuanegos.com\/wp-content\/uploads\/2025\/11\/LOGO-WEB-BLANCO.png","contentUrl":"https:\/\/fmc.ecuanegos.com\/wp-content\/uploads\/2025\/11\/LOGO-WEB-BLANCO.png","width":362,"height":60,"caption":"Fundaci\u00f3n Museos de la Ciudad Quito | FMC"},"image":{"@id":"https:\/\/fmc.ecuanegos.com\/#\/schema\/logo\/image\/"}}]}},"_links":{"self":[{"href":"https:\/\/fmc.ecuanegos.com\/es\/wp-json\/wp\/v2\/product\/84310","targetHints":{"allow":["GET"]}}],"collection":[{"href":"https:\/\/fmc.ecuanegos.com\/es\/wp-json\/wp\/v2\/product"}],"about":[{"href":"https:\/\/fmc.ecuanegos.com\/es\/wp-json\/wp\/v2\/types\/product"}],"author":[{"embeddable":true,"href":"https:\/\/fmc.ecuanegos.com\/es\/wp-json\/wp\/v2\/users\/1"}],"version-history":[{"count":2,"href":"https:\/\/fmc.ecuanegos.com\/es\/wp-json\/wp\/v2\/product\/84310\/revisions"}],"predecessor-version":[{"id":86169,"href":"https:\/\/fmc.ecuanegos.com\/es\/wp-json\/wp\/v2\/product\/84310\/revisions\/86169"}],"wp:featuredmedia":[{"embeddable":true,"href":"https:\/\/fmc.ecuanegos.com\/es\/wp-json\/wp\/v2\/media\/84311"}],"wp:attachment":[{"href":"https:\/\/fmc.ecuanegos.com\/es\/wp-json\/wp\/v2\/media?parent=84310"}],"wp:term":[{"taxonomy":"product_brand","embeddable":true,"href":"https:\/\/fmc.ecuanegos.com\/es\/wp-json\/wp\/v2\/product_brand?post=84310"},{"taxonomy":"product_cat","embeddable":true,"href":"https:\/\/fmc.ecuanegos.com\/es\/wp-json\/wp\/v2\/product_cat?post=84310"},{"taxonomy":"product_tag","embeddable":true,"href":"https:\/\/fmc.ecuanegos.com\/es\/wp-json\/wp\/v2\/product_tag?post=84310"}],"curies":[{"name":"wp","href":"https:\/\/api.w.org\/{rel}","templated":true}]}}